{"id":3716,"date":"2019-04-01T10:25:28","date_gmt":"2019-04-01T10:25:28","guid":{"rendered":"http:\/\/dom-lesiv.hr\/uvjeti-smjestaja\/"},"modified":"2021-05-20T09:48:45","modified_gmt":"2021-05-20T07:48:45","slug":"bedingungen","status":"publish","type":"page","link":"https:\/\/dom-lesiv.hr\/de\/bedingungen\/","title":{"rendered":"Bedingungen"},"content":{"rendered":"<p><section id=\"bt_bb_section69db695b68869\"  class=\"bt_bb_section bt_bb_top_spacing_large bt_bb_bottom_spacing_large bt_bb_layout_boxed_1200 bt_bb_vertical_align_top bt_bb_section_with_bottom_coverage_image\" ><div class=\"bt_bb_port\"><div class=\"bt_bb_cell\"><div class=\"bt_bb_cell_inner\"><div class=\"bt_bb_row  bt_bb_column_gap_20\" style=\"; --column-gap:20px;\" data-bt-override-class=\"{}\"><div class=\"bt_bb_row_holder\" ><div  class=\"bt_bb_column col-xl-6 col-xs-12 col-sm-6 col-md-6 col-lg-6 bt_bb_align_left bt_bb_vertical_align_top bt_bb_animation_fade_in animate bt_bb_padding_normal\"  data-width=\"6\" data-bt-override-class=\"{}\"><div class=\"bt_bb_column_content\"><div class=\"bt_bb_price_list bt_bb_color_scheme_6\" style=\";background-color:#18407c;\"><div class=\"bt_bb_price_list_title_subtitle_price\"><div class=\"bt_bb_price_list_title_wrap\"><div class=\"bt_bb_price_list_price\"><span class=\"bt_bb_price_list_currency\"><\/span><span class=\"bt_bb_price_list_amount\"><\/span><\/div><div class=\"bt_bb_price_list_title_subtitle\"><div class=\"bt_bb_price_list_subtitle\">ERFORDERLICHE UNTERLAGEN <\/div><div class=\"bt_bb_price_list_title\">F\u00dcR UNTERKUNFT<\/div><\/div><\/div><\/div><ul><li>die Anforderung f\u00fcr die Unterkunft und Best\u00e4tigung den Arzt f\u00fcr die Aufnahme in der Familie Haus, die HIER heruntergeladen werden kann<br \/><\/li><li>Kopie des Personalausweises und OIB<br \/><\/li><li>Gesundheitskarte und die Identifizierung von zus\u00e4tzlichen Krankenversicherung<br \/><\/li><li>medizinischen Aufzeichnungen - nicht \u00e4lter als 6 Monate<br \/><\/li><li>Unterst\u00fctzungsbekundungen Zahler der Auseinandersetzung (oder total) Kosten der Unterkunft - von einem Notar beglaubigt<\/li><\/ul><\/div><div class=\"bt_bb_price_list bt_bb_color_scheme_6\" style=\";background-color:#18407c;\"><div class=\"bt_bb_price_list_title_subtitle_price\"><div class=\"bt_bb_price_list_title_wrap\"><div class=\"bt_bb_price_list_price\"><span class=\"bt_bb_price_list_currency\"><\/span><span class=\"bt_bb_price_list_amount\"><\/span><\/div><div class=\"bt_bb_price_list_title_subtitle\"><div class=\"bt_bb_price_list_subtitle\">Kontraindikationen f\u00fcr <\/div><div class=\"bt_bb_price_list_title\">die Unterkunft<\/div><\/div><\/div><\/div><ul><li>unvollst\u00e4ndige Dokumentation<br \/><\/li><li>Menschen mit psychischen Erkrankungen<br \/><\/li><li>Menschen mit Infektionskrankheiten<br \/><\/li><li>Menschen, die bereits ihr Recht auf Unterkunft verloren haben oder ihr Vertrag beendet ist (in unserer Familie Haus)<\/li><\/ul><\/div><div class=\"bt_bb_price_list bt_bb_color_scheme_5\" style=\" box-shadow: 0 20px 75px rgba(0,0,0,.1); ;background-color:#ffffff;\"><div class=\"bt_bb_price_list_title_subtitle_price\"><div class=\"bt_bb_price_list_title_wrap\"><div class=\"bt_bb_price_list_price\"><span class=\"bt_bb_price_list_currency\"><\/span><span class=\"bt_bb_price_list_amount\"><\/span><\/div><div class=\"bt_bb_price_list_title_subtitle\"><div class=\"bt_bb_price_list_subtitle\">Der Eintritt wird an jedem Werktag durchgef\u00fchrt<\/div><div class=\"bt_bb_price_list_title\">Montag bis Freitag von 09.00 bis 13.00 Uhr<\/div><\/div><\/div><\/div><ul><li>Beim Platzierung sollte der Benutzer von einer Person begleitet werden, die den Vertrag \u00fcber die Unterkunft (wenn nicht der Benutzer) unterzeichnen muss. Die Bezahlung erfolgt am Tag der Unterkunft gemacht wird.<\/li><\/ul><\/div><\/div><\/div><div  class=\"bt_bb_column col-xl-6 col-xs-12 col-sm-6 col-md-6 col-lg-6 bt_bb_align_left bt_bb_vertical_align_top bt_bb_animation_fade_in animate bt_bb_padding_normal\"  data-width=\"6\" data-bt-override-class=\"{}\"><div class=\"bt_bb_column_content\"><div class=\"bt_bb_price_list bt_bb_color_scheme_6\" style=\";background-color:#18407c;\"><div class=\"bt_bb_price_list_title_subtitle_price\"><div class=\"bt_bb_price_list_title_wrap\"><div class=\"bt_bb_price_list_price\"><span class=\"bt_bb_price_list_currency\"><\/span><span class=\"bt_bb_price_list_amount\"><\/span><\/div><div class=\"bt_bb_price_list_title_subtitle\"><div class=\"bt_bb_price_list_subtitle\"><\/div><div class=\"bt_bb_price_list_title\">NOTUNTERKUNFT<\/div><\/div><\/div><\/div><ul><li>Jeden Arbeitstag gibt es die M\u00f6glichkeit von Notunterk\u00fcnften, mit einer Frist von mindestens 30 Minuten, unabh\u00e4ngig vom Gesundzustand den Menschen und k\u00f6rperlicher Mobilit\u00e4t. Die Person, auf Dienst der Notunterk\u00fcnfte kann von zu Hause oder von Gesundheitseinrichtungen kommen.<br \/><\/li><li>Service Notunterk\u00fcnften ohne Aufpreis !!!<br \/><\/li><li>Unser Expertenteam werden f\u00fcr die Nutzer sofort nach der Ankunft sorgen und alle Anweisungen und Informationen Familien geben, w\u00e4hrend die offiziellen Empfang Benutzer (Lieferung und Dokumentation) k\u00f6nnen die folgenden Tage, nach Vereinbarung, machen.<\/li><\/ul><\/div><div class=\"bt_bb_price_list bt_bb_color_scheme_6\" style=\";background-color:#18407c;\"><div class=\"bt_bb_price_list_title_subtitle_price\"><div class=\"bt_bb_price_list_title_wrap\"><div class=\"bt_bb_price_list_price\"><span class=\"bt_bb_price_list_currency\"><\/span><span class=\"bt_bb_price_list_amount\"><\/span><\/div><div class=\"bt_bb_price_list_title_subtitle\"><div class=\"bt_bb_price_list_subtitle\"><\/div><div class=\"bt_bb_price_list_title\">Der Grundpreis beinhaltet:<\/div><\/div><\/div><\/div><ul><li>24-Stunden medizinische Versorgung<br \/><\/li><li>K\u00f6rperhygiene<br \/><\/li><li>Hygieneraum<br \/><\/li><li>vorbereitung frisches Essen nach den Bed\u00fcrfnissen des Benutzers (drei Hauptmahlzeiten und zwei Zwischenmahlzeiten)<br \/><\/li><li>k\u00f6rperliche Therapie in der Gr\u00f6\u00dfenordnung von verantwortlichen Arzt<br \/><\/li><li>Gesundheitspflege<br \/><\/li><li>Waschen und B\u00fcgeln Kleidung und W\u00e4sche<br \/><\/li><li>verschiedene T\u00e4tigkeiten in Werkst\u00e4tten, abh\u00e4ngig von den F\u00e4higkeiten und Interessen von Nutzern<br \/><\/li><li>Erhaltung und Verbesserung des psychophysischen Zustand des Benutzers<br \/><\/li><li>Verwendung der Freizeit<\/li><\/ul><\/div><\/div><\/div><\/div><\/div><\/div><\/div><\/div><div class=\"bt_bb_section_bottom_section_coverage_image\"><img src=\"https:\/\/dom-lesiv.hr\/wp-content\/uploads\/2020\/05\/blue-curve-bottom-right.png\" alt=\"bt_bb_section_bottom_section_coverage_image\" \/><\/div><\/section><section id=\"bt_bb_section69db695b68d55\"  class=\"bt_bb_section bt_bb_layout_boxed_1200 bt_bb_vertical_align_top bt_bb_section_show_right_boxed_content bt_bb_section_with_top_coverage_image\" ><div class=\"bt_bb_port\"><div class=\"bt_bb_cell\"><div class=\"bt_bb_cell_inner\"><div class=\"bt_bb_row \"  data-bt-override-class=\"{}\"><div class=\"bt_bb_row_holder\" ><div  class=\"bt_bb_column col-xl-6 bt_bb_align_right bt_bb_vertical_align_top bt_bb_animation_fade_in animate bt_bb_padding_normal btLazyLoadBackground bt_bb_column_background_image bt_bb_mobile_align_to_both_edges\" style=\"padding-right: 0; position: relative;background-image:url(&#039;https:\/\/dom-lesiv.hr\/wp-content\/plugins\/bold-page-builder\/img\/blank.gif&#039;);background-position:right top;background-size:cover;\" data-background_image_src='https:\/\/dom-lesiv.hr\/wp-content\/uploads\/2021\/05\/Depositphotos_272329038_s-2019.jpg' data-width=\"6\" data-bt-override-class=\"{&quot;bt_bb_align_&quot;:{&quot;current_class&quot;:&quot;bt_bb_align_right&quot;,&quot;def&quot;:&quot;right&quot;,&quot;xl&quot;:&quot;right&quot;}}\"><div class=\"bt_bb_column_content\"><div class=\"bt_bb_image bt_bb_shape_square bt_bb_target_self bt_bb_align_inherit bt_bb_hover_style_simple bt_bb_content_display_always bt_bb_content_align_middle bt_bb_fill_background_color_full bt_bb_hidden_xs bt_bb_hidden_ms bt_bb_hidden_sm\" style=\"max-width: 142px;\" data-bt-override-class=\"{}\"><span><img width=\"142\" height=\"142\" src=\"https:\/\/dom-lesiv.hr\/wp-content\/uploads\/2020\/05\/img-white-corner-top-right.png\" class=\"attachment-full size-full\" alt=\"https:\/\/dom-lesiv.hr\/wp-content\/uploads\/2020\/05\/img-white-corner-top-right.png\" decoding=\"async\" loading=\"lazy\" data-full_image_src=\"https:\/\/dom-lesiv.hr\/wp-content\/uploads\/2020\/05\/img-white-corner-top-right.png\" \/><\/span><\/div><div class=\"bt_bb_separator bt_bb_border_style_none bt_bb_top_spacing_extra_large\" data-bt-override-class=\"null\"><\/div><div class=\"bt_bb_separator bt_bb_border_style_none bt_bb_top_spacing_extra_large\" data-bt-override-class=\"null\"><\/div><div class=\"bt_bb_floating_element bt_bb_floating_element_horizontal_position_left bt_bb_floating_element_vertical_position_bottom bt_bb_floating_element_animation_delay_default bt_bb_floating_element_animation_duration_default bt_bb_floating_element_animation_style_ease_out\" style=\"mix-blend-mode: overlay; margin-bottom: 5em; transform: translateX(-50%);\" data-speed=\"1.0\"><div class=\"bt_bb_floating_element_html\" data-speed=\"1.0\"><span  style=\"width: 160px; height: 160px; background-repeat: repeat; background-size: 32.5%; transform: rotate(-45deg);background-image:url(&#039;https:\/\/dom-lesiv.hr\/wp-content\/uploads\/2020\/04\/bgn-gold-stripes-horizontal.png&#039;);\"><\/span><\/div><\/div><\/div><\/div><div  class=\"bt_bb_column col-xl-6 bt_bb_align_left bt_bb_vertical_align_top bt_bb_animation_fade_in animate bt_bb_padding_normal\" style=\"position: relative;\" data-width=\"6\" data-bt-override-class=\"{}\"><div class=\"bt_bb_column_content\"><div class=\"bt_bb_separator bt_bb_border_style_none bt_bb_top_spacing_large bt_bb_hidden_xs bt_bb_hidden_ms bt_bb_hidden_sm\" data-bt-override-class=\"null\"><\/div><div class=\"bt_bb_separator bt_bb_border_style_none bt_bb_top_spacing_medium bt_bb_bottom_spacing_normal bt_bb_hidden_md bt_bb_hidden_lg\" data-bt-override-class=\"null\"><\/div><div class=\" bt_bb_row_inner bt_bb_column_inner_gap_0\"   data-bt-override-class=\"{}\"><div class=\"bt_bb_row_inner_holder\"  ><div  class=\"bt_bb_column_inner col-xl-2 bt_bb_align_left bt_bb_vertical_align_top\"  data-width=\"2\" data-bt-override-class=\"{}\"><div class=\"bt_bb_column_inner_content\"><\/div><\/div><div  class=\"bt_bb_column_inner col-xl-10 bt_bb_align_left bt_bb_vertical_align_top\"  data-width=\"10\" data-bt-override-class=\"{}\"><div class=\"bt_bb_column_inner_content\"><header class=\"bt_bb_headline bt_bb_font_weight_900 bt_bb_dash_top bt_bb_subheadline bt_bb_size_large bt_bb_align_inherit\" data-bt-override-class=\"{&quot;bt_bb_size_&quot;:{&quot;current_class&quot;:&quot;bt_bb_size_large&quot;,&quot;def&quot;:&quot;large&quot;,&quot;xl&quot;:&quot;large&quot;},&quot;bt_bb_align_&quot;:{&quot;current_class&quot;:&quot;bt_bb_align_inherit&quot;,&quot;def&quot;:&quot;inherit&quot;,&quot;xl&quot;:&quot;inherit&quot;}}\"><h2 class=\"bt_bb_headline_tag\"><span class=\"bt_bb_headline_content\"><span><b>TW\u00fcnschen Sie<\/b> <u>weitere Informationen?<\/u><\/span><\/span><\/h2><div class=\"bt_bb_headline_subheadline\">KONTAKTIEREN SIE UNS<\/div><\/header><div class=\"bt_bb_separator bt_bb_border_style_none bt_bb_bottom_spacing_normal\" data-bt-override-class=\"null\"><\/div><div class=\"bt_bb_button bt_bb_color_scheme_6 bt_bb_icon_position_left bt_bb_style_filled bt_bb_size_small bt_bb_width_inline bt_bb_shape_rounded bt_bb_target_self bt_bb_align_inherit\" style=\"; --primary-color:#ffffff; --secondary-color:#30a0cf;\" data-bt-override-class=\"{&quot;bt_bb_size_&quot;:{&quot;current_class&quot;:&quot;bt_bb_size_small&quot;,&quot;def&quot;:&quot;small&quot;,&quot;xl&quot;:&quot;small&quot;},&quot;bt_bb_align_&quot;:{&quot;current_class&quot;:&quot;bt_bb_align_inherit&quot;,&quot;def&quot;:&quot;inherit&quot;,&quot;xl&quot;:&quot;inherit&quot;}}\"><a href=\"\/de\/kontakt\" target=\"_self\" class=\"bt_bb_link\" title=\"KONTAKT\"><span class=\"bt_bb_button_text\" >KONTAKT<\/span><\/a><\/div><div class=\"bt_bb_separator bt_bb_border_style_none bt_bb_bottom_spacing_normal\" data-bt-override-class=\"null\"><\/div><\/div><\/div><\/div><\/div><\/div><\/div><\/div><\/div><\/div><\/div><\/div><div class=\"bt_bb_section_top_section_coverage_image\"><img src=\"https:\/\/dom-lesiv.hr\/wp-content\/uploads\/2020\/04\/white-curve-top-right.png\" alt=\"bt_bb_section_top_section_coverage_image\" \/><\/div><\/section><\/p>\n","protected":false},"excerpt":{"rendered":"<p>\u00dcber den Preis entscheidet der Vertreter der Familie Haus, das auch der Besitzer ist. Es h\u00e4ngt von der Art der Unterkunft (ob es eine dauerhafte Unterkunft, t\u00e4glich oder w\u00f6chentlich Zimmer ist), die Wohnkomfort (Einzel- oder Doppelzimmer) und dem Grad der Pflegebed\u00fcrftigkeit Benutzer (Pflege Level 0, I, II, III). Gelegen k\u00f6nnen Sie auf eigenen Wunsch sein, und wenn Sie die Kosten f\u00fcr die Unterkunft nicht ertragen k\u00f6nnen, kontaktieren Sie bitte das Zentrum f\u00fcr Sozialhilfe (mit denen wir zusammenarbeiten).<\/p>\n","protected":false},"author":1,"featured_media":3718,"parent":0,"menu_order":0,"comment_status":"closed","ping_status":"closed","template":"","meta":{"iawp_total_views":8},"yoast_head":"<!-- This site is optimized with the Yoast SEO plugin v20.5 - https:\/\/yoast.com\/wordpress\/plugins\/seo\/ -->\n<title>Bedingungen - Obiteljski dom za starije i nemo\u0107ne osobe LESIV, Slavonski Brod<\/title>\n<meta name=\"robots\" content=\"index, follow, max-snippet:-1, max-image-preview:large, max-video-preview:-1\" \/>\n<link rel=\"canonical\" href=\"https:\/\/dom-lesiv.hr\/de\/bedingungen\/\" \/>\n<meta property=\"og:locale\" content=\"de_DE\" \/>\n<meta property=\"og:type\" content=\"article\" \/>\n<meta property=\"og:title\" content=\"Bedingungen - Obiteljski dom za starije i nemo\u0107ne osobe LESIV, Slavonski Brod\" \/>\n<meta property=\"og:description\" content=\"\u00dcber den Preis entscheidet der Vertreter der Familie Haus, das auch der Besitzer ist. Es h\u00e4ngt von der Art der Unterkunft (ob es eine dauerhafte Unterkunft, t\u00e4glich oder w\u00f6chentlich Zimmer ist), die Wohnkomfort (Einzel- oder Doppelzimmer) und dem Grad der Pflegebed\u00fcrftigkeit Benutzer (Pflege Level 0, I, II, III). Gelegen k\u00f6nnen Sie auf eigenen Wunsch sein, und wenn Sie die Kosten f\u00fcr die Unterkunft nicht ertragen k\u00f6nnen, kontaktieren Sie bitte das Zentrum f\u00fcr Sozialhilfe (mit denen wir zusammenarbeiten).\" \/>\n<meta property=\"og:url\" content=\"https:\/\/dom-lesiv.hr\/de\/bedingungen\/\" \/>\n<meta property=\"og:site_name\" content=\"Obiteljski dom za starije i nemo\u0107ne osobe LESIV, Slavonski Brod\" \/>\n<meta property=\"article:modified_time\" content=\"2021-05-20T07:48:45+00:00\" \/>\n<meta property=\"og:image\" content=\"https:\/\/dom-lesiv.hr\/wp-content\/uploads\/2021\/05\/uvjeti-smjestaja.jpg\" \/>\n\t<meta property=\"og:image:width\" content=\"1500\" \/>\n\t<meta property=\"og:image:height\" content=\"1000\" \/>\n\t<meta property=\"og:image:type\" content=\"image\/jpeg\" \/>\n<meta name=\"twitter:card\" content=\"summary_large_image\" \/>\n<meta name=\"twitter:label1\" content=\"Gesch\u00e4tzte Lesezeit\" \/>\n\t<meta name=\"twitter:data1\" content=\"7\u00a0Minuten\" \/>\n<script type=\"application\/ld+json\" class=\"yoast-schema-graph\">{\"@context\":\"https:\/\/schema.org\",\"@graph\":[{\"@type\":\"WebPage\",\"@id\":\"https:\/\/dom-lesiv.hr\/de\/bedingungen\/\",\"url\":\"https:\/\/dom-lesiv.hr\/de\/bedingungen\/\",\"name\":\"Bedingungen - Obiteljski dom za starije i nemo\u0107ne osobe LESIV, Slavonski Brod\",\"isPartOf\":{\"@id\":\"https:\/\/dom-lesiv.hr\/hr\/#website\"},\"datePublished\":\"2019-04-01T10:25:28+00:00\",\"dateModified\":\"2021-05-20T07:48:45+00:00\",\"breadcrumb\":{\"@id\":\"https:\/\/dom-lesiv.hr\/de\/bedingungen\/#breadcrumb\"},\"inLanguage\":\"de\",\"potentialAction\":[{\"@type\":\"ReadAction\",\"target\":[\"https:\/\/dom-lesiv.hr\/de\/bedingungen\/\"]}]},{\"@type\":\"BreadcrumbList\",\"@id\":\"https:\/\/dom-lesiv.hr\/de\/bedingungen\/#breadcrumb\",\"itemListElement\":[{\"@type\":\"ListItem\",\"position\":1,\"name\":\"Po\u010detna stranica\",\"item\":\"https:\/\/dom-lesiv.hr\/de\/\"},{\"@type\":\"ListItem\",\"position\":2,\"name\":\"Bedingungen\"}]},{\"@type\":\"WebSite\",\"@id\":\"https:\/\/dom-lesiv.hr\/hr\/#website\",\"url\":\"https:\/\/dom-lesiv.hr\/hr\/\",\"name\":\"Obiteljski dom za starije i nemo\u0107ne osobe LESIV, Slavonski Brod\",\"description\":\"Stara\u010dki dom, Slanovski Brod\",\"potentialAction\":[{\"@type\":\"SearchAction\",\"target\":{\"@type\":\"EntryPoint\",\"urlTemplate\":\"https:\/\/dom-lesiv.hr\/hr\/?s={search_term_string}\"},\"query-input\":\"required name=search_term_string\"}],\"inLanguage\":\"de\"}]}<\/script>\n<!-- \/ Yoast SEO plugin. -->","yoast_head_json":{"title":"Bedingungen - Obiteljski dom za starije i nemo\u0107ne osobe LESIV, Slavonski Brod","robots":{"index":"index","follow":"follow","max-snippet":"max-snippet:-1","max-image-preview":"max-image-preview:large","max-video-preview":"max-video-preview:-1"},"canonical":"https:\/\/dom-lesiv.hr\/de\/bedingungen\/","og_locale":"de_DE","og_type":"article","og_title":"Bedingungen - Obiteljski dom za starije i nemo\u0107ne osobe LESIV, Slavonski Brod","og_description":"\u00dcber den Preis entscheidet der Vertreter der Familie Haus, das auch der Besitzer ist. Es h\u00e4ngt von der Art der Unterkunft (ob es eine dauerhafte Unterkunft, t\u00e4glich oder w\u00f6chentlich Zimmer ist), die Wohnkomfort (Einzel- oder Doppelzimmer) und dem Grad der Pflegebed\u00fcrftigkeit Benutzer (Pflege Level 0, I, II, III). Gelegen k\u00f6nnen Sie auf eigenen Wunsch sein, und wenn Sie die Kosten f\u00fcr die Unterkunft nicht ertragen k\u00f6nnen, kontaktieren Sie bitte das Zentrum f\u00fcr Sozialhilfe (mit denen wir zusammenarbeiten).","og_url":"https:\/\/dom-lesiv.hr\/de\/bedingungen\/","og_site_name":"Obiteljski dom za starije i nemo\u0107ne osobe LESIV, Slavonski Brod","article_modified_time":"2021-05-20T07:48:45+00:00","og_image":[{"width":1500,"height":1000,"url":"https:\/\/dom-lesiv.hr\/wp-content\/uploads\/2021\/05\/uvjeti-smjestaja.jpg","type":"image\/jpeg"}],"twitter_card":"summary_large_image","twitter_misc":{"Gesch\u00e4tzte Lesezeit":"7\u00a0Minuten"},"schema":{"@context":"https:\/\/schema.org","@graph":[{"@type":"WebPage","@id":"https:\/\/dom-lesiv.hr\/de\/bedingungen\/","url":"https:\/\/dom-lesiv.hr\/de\/bedingungen\/","name":"Bedingungen - Obiteljski dom za starije i nemo\u0107ne osobe LESIV, Slavonski Brod","isPartOf":{"@id":"https:\/\/dom-lesiv.hr\/hr\/#website"},"datePublished":"2019-04-01T10:25:28+00:00","dateModified":"2021-05-20T07:48:45+00:00","breadcrumb":{"@id":"https:\/\/dom-lesiv.hr\/de\/bedingungen\/#breadcrumb"},"inLanguage":"de","potentialAction":[{"@type":"ReadAction","target":["https:\/\/dom-lesiv.hr\/de\/bedingungen\/"]}]},{"@type":"BreadcrumbList","@id":"https:\/\/dom-lesiv.hr\/de\/bedingungen\/#breadcrumb","itemListElement":[{"@type":"ListItem","position":1,"name":"Po\u010detna stranica","item":"https:\/\/dom-lesiv.hr\/de\/"},{"@type":"ListItem","position":2,"name":"Bedingungen"}]},{"@type":"WebSite","@id":"https:\/\/dom-lesiv.hr\/hr\/#website","url":"https:\/\/dom-lesiv.hr\/hr\/","name":"Obiteljski dom za starije i nemo\u0107ne osobe LESIV, Slavonski Brod","description":"Stara\u010dki dom, Slanovski Brod","potentialAction":[{"@type":"SearchAction","target":{"@type":"EntryPoint","urlTemplate":"https:\/\/dom-lesiv.hr\/hr\/?s={search_term_string}"},"query-input":"required name=search_term_string"}],"inLanguage":"de"}]}},"_links":{"self":[{"href":"https:\/\/dom-lesiv.hr\/de\/wp-json\/wp\/v2\/pages\/3716"}],"collection":[{"href":"https:\/\/dom-lesiv.hr\/de\/wp-json\/wp\/v2\/pages"}],"about":[{"href":"https:\/\/dom-lesiv.hr\/de\/wp-json\/wp\/v2\/types\/page"}],"author":[{"embeddable":true,"href":"https:\/\/dom-lesiv.hr\/de\/wp-json\/wp\/v2\/users\/1"}],"replies":[{"embeddable":true,"href":"https:\/\/dom-lesiv.hr\/de\/wp-json\/wp\/v2\/comments?post=3716"}],"version-history":[{"count":11,"href":"https:\/\/dom-lesiv.hr\/de\/wp-json\/wp\/v2\/pages\/3716\/revisions"}],"predecessor-version":[{"id":3769,"href":"https:\/\/dom-lesiv.hr\/de\/wp-json\/wp\/v2\/pages\/3716\/revisions\/3769"}],"wp:featuredmedia":[{"embeddable":true,"href":"https:\/\/dom-lesiv.hr\/de\/wp-json\/wp\/v2\/media\/3718"}],"wp:attachment":[{"href":"https:\/\/dom-lesiv.hr\/de\/wp-json\/wp\/v2\/media?parent=3716"}],"curies":[{"name":"wp","href":"https:\/\/api.w.org\/{rel}","templated":true}]}}