{"id":1637,"date":"2019-04-01T10:25:28","date_gmt":"2019-04-01T10:25:28","guid":{"rendered":"http:\/\/avantage.bold-themes.com\/business\/?page_id=1637"},"modified":"2025-11-24T12:49:34","modified_gmt":"2025-11-24T10:49:34","slug":"uvjeti-smjestaja","status":"publish","type":"page","link":"https:\/\/dom-lesiv.hr\/hr\/uvjeti-smjestaja\/","title":{"rendered":"Uvjeti smje\u0161taja"},"content":{"rendered":"<p><section id=\"bt_bb_section69e4986203667\"  class=\"bt_bb_section bt_bb_top_spacing_large bt_bb_bottom_spacing_large bt_bb_layout_boxed_1200 bt_bb_vertical_align_top bt_bb_section_with_bottom_coverage_image\" ><div class=\"bt_bb_port\"><div class=\"bt_bb_cell\"><div class=\"bt_bb_cell_inner\"><div class=\"bt_bb_row  bt_bb_column_gap_20\" style=\"; --column-gap:20px;\" data-bt-override-class=\"{}\"><div class=\"bt_bb_row_holder\" ><div  class=\"bt_bb_column col-xl-6 col-xs-12 col-sm-6 col-md-6 col-lg-6 bt_bb_align_left bt_bb_vertical_align_top bt_bb_animation_fade_in animate bt_bb_padding_normal\"  data-width=\"6\" data-bt-override-class=\"{}\"><div class=\"bt_bb_column_content\"><div data-bb-version=\"5.5.2\" class=\"bt_bb_price_list bt_bb_color_scheme_6\" style=\";background-color:#18407c;\"><div class=\"bt_bb_price_list_title_subtitle_price\"><div class=\"bt_bb_price_list_title_wrap\"><div class=\"bt_bb_price_list_price\"><span class=\"bt_bb_price_list_currency\"><\/span><span class=\"bt_bb_price_list_amount\"><\/span><\/div><div class=\"bt_bb_price_list_title_subtitle\"><div class=\"bt_bb_price_list_subtitle\">DOKUMENTACIJA<\/div><div class=\"bt_bb_price_list_title\"> POTREBNA ZA SMJE\u0160TAJ<\/div><\/div><\/div><\/div><ul><li>fotokopija osobne iskaznice i OIB<br \/><\/li><li>fotokopija zdravstvene iskaznice i iskaznice dopunskog zdravstvenog osiguranja<br \/><\/li><li>medicinska dokumentacija<\/li><\/ul><\/div><div data-bb-version=\"5.5.2\" class=\"bt_bb_price_list bt_bb_color_scheme_5\" style=\" box-shadow: 0 20px 75px rgba(0,0,0,.1); ;background-color:#ffffff;\"><div class=\"bt_bb_price_list_title_subtitle_price\"><div class=\"bt_bb_price_list_title_wrap\"><div class=\"bt_bb_price_list_price\"><span class=\"bt_bb_price_list_currency\"><\/span><span class=\"bt_bb_price_list_amount\"><\/span><\/div><div class=\"bt_bb_price_list_title_subtitle\"><div class=\"bt_bb_price_list_subtitle\">PRIJEM - Potpisivanje ugovora i uplata<\/div><div class=\"bt_bb_price_list_title\">OD PON-PET OD 12.30 DO 14.00 h<\/div><\/div><\/div><\/div><ul><li>Potpisnik ugovora du\u017ean je do\u0107i dan prije prijema korisnika radi potpisivanja ugovora o smje\u0161taju.<br \/><\/li><li>Prilikom dolaska korisnika na smje\u0161taj, u pratnji treba biti i osoba koja je potpisala ugovor o smje\u0161taju.<br \/><\/li><li>Uplata za smje\u0161taj vr\u0161i se na dan prijema korisnika.<\/li><\/ul><\/div><\/div><\/div><div  class=\"bt_bb_column col-xl-6 col-xs-12 col-sm-6 col-md-6 col-lg-6 bt_bb_align_left bt_bb_vertical_align_top bt_bb_animation_fade_in animate bt_bb_padding_normal\"  data-width=\"6\" data-bt-override-class=\"{}\"><div class=\"bt_bb_column_content\"><div class=\"bt_bb_price_list bt_bb_color_scheme_6\" style=\";background-color:#18407c;\"><div class=\"bt_bb_price_list_title_subtitle_price\"><div class=\"bt_bb_price_list_title_wrap\"><div class=\"bt_bb_price_list_price\"><span class=\"bt_bb_price_list_currency\"><\/span><span class=\"bt_bb_price_list_amount\"><\/span><\/div><div class=\"bt_bb_price_list_title_subtitle\"><div class=\"bt_bb_price_list_subtitle\">OSNOVNA CIJENA SMJE\u0160TAJA<\/div><div class=\"bt_bb_price_list_title\">Osnovna cijena uklju\u010duje:<\/div><\/div><\/div><\/div><ul><li>medicinsku skrb<br \/><\/li><li>odr\u017eavanje osobne higijene<br \/><\/li><li>odr\u017eavanje higijene prostora<br \/><\/li><li>svje\u017eu hranu pripravljenu prema potrebi korisnika<br \/><\/li><li>fizikalnu terapiju po nalogu odgovornog lije\u010dnika<br \/><\/li><li>brigu o zdravlju<br \/><\/li><li>pranje rublja i posteljine<br \/><\/li><li>razne aktivnosti u radionicama, ovisno o mogu\u0107nostima i zainteresiranosti korisnika<br \/><\/li><li>o\u010duvanje i pobolj\u0161anje psihofizi\u010dkog stanja korisnika<br \/><\/li><li>kori\u0161tenje slobodnog vremena<br \/>\n<\/li><\/ul><\/div><\/div><\/div><\/div><\/div><\/div><\/div><\/div><div class=\"bt_bb_section_bottom_section_coverage_image\"><img src=\"https:\/\/dom-lesiv.hr\/wp-content\/uploads\/2020\/05\/blue-curve-bottom-right.png\" alt=\"bt_bb_section_bottom_section_coverage_image\" \/><\/div><\/section><section id=\"bt_bb_section69e4986203bda\"  class=\"bt_bb_section bt_bb_layout_boxed_1200 bt_bb_vertical_align_top bt_bb_section_show_right_boxed_content bt_bb_section_with_top_coverage_image\" ><div class=\"bt_bb_port\"><div class=\"bt_bb_cell\"><div class=\"bt_bb_cell_inner\"><div class=\"bt_bb_row \"  data-bt-override-class=\"{}\"><div class=\"bt_bb_row_holder\" ><div  class=\"bt_bb_column col-xl-6 bt_bb_align_right bt_bb_vertical_align_top bt_bb_animation_fade_in animate bt_bb_padding_normal btLazyLoadBackground bt_bb_column_background_image bt_bb_mobile_align_to_both_edges\" style=\"padding-right: 0; position: relative;background-image:url(&#039;https:\/\/dom-lesiv.hr\/wp-content\/plugins\/bold-page-builder\/img\/blank.gif&#039;);background-position:right top;background-size:cover;\" data-background_image_src='https:\/\/dom-lesiv.hr\/wp-content\/uploads\/2021\/05\/Depositphotos_272329038_s-2019.jpg' data-width=\"6\" data-bt-override-class=\"{&quot;bt_bb_align_&quot;:{&quot;current_class&quot;:&quot;bt_bb_align_right&quot;,&quot;def&quot;:&quot;right&quot;,&quot;xl&quot;:&quot;right&quot;}}\"><div class=\"bt_bb_column_content\"><div class=\"bt_bb_image bt_bb_shape_square bt_bb_target_self bt_bb_align_inherit bt_bb_hover_style_simple bt_bb_content_display_always bt_bb_content_align_middle bt_bb_fill_background_color_full bt_bb_hidden_xs bt_bb_hidden_ms bt_bb_hidden_sm\" style=\"max-width: 142px;\" data-bt-override-class=\"{}\"><span><img width=\"142\" height=\"142\" src=\"https:\/\/dom-lesiv.hr\/wp-content\/uploads\/2020\/05\/img-white-corner-top-right.png\" class=\"attachment-full size-full\" alt=\"https:\/\/dom-lesiv.hr\/wp-content\/uploads\/2020\/05\/img-white-corner-top-right.png\" decoding=\"async\" loading=\"lazy\" data-full_image_src=\"https:\/\/dom-lesiv.hr\/wp-content\/uploads\/2020\/05\/img-white-corner-top-right.png\" \/><\/span><\/div><div class=\"bt_bb_separator bt_bb_border_style_none bt_bb_top_spacing_extra_large\" data-bt-override-class=\"null\"><\/div><div class=\"bt_bb_separator bt_bb_border_style_none bt_bb_top_spacing_extra_large\" data-bt-override-class=\"null\"><\/div><div class=\"bt_bb_floating_element bt_bb_floating_element_horizontal_position_left bt_bb_floating_element_vertical_position_bottom bt_bb_floating_element_animation_delay_default bt_bb_floating_element_animation_duration_default bt_bb_floating_element_animation_style_ease_out\" style=\"mix-blend-mode: overlay; margin-bottom: 5em; transform: translateX(-50%);\" data-speed=\"1.0\"><div class=\"bt_bb_floating_element_html\" data-speed=\"1.0\"><span  style=\"width: 160px; height: 160px; background-repeat: repeat; background-size: 32.5%; transform: rotate(-45deg);background-image:url(&#039;https:\/\/dom-lesiv.hr\/wp-content\/uploads\/2020\/04\/bgn-gold-stripes-horizontal.png&#039;);\"><\/span><\/div><\/div><\/div><\/div><div  class=\"bt_bb_column col-xl-6 bt_bb_align_left bt_bb_vertical_align_top bt_bb_animation_fade_in animate bt_bb_padding_normal\" style=\"position: relative;\" data-width=\"6\" data-bt-override-class=\"{}\"><div class=\"bt_bb_column_content\"><div class=\"bt_bb_separator bt_bb_border_style_none bt_bb_top_spacing_large bt_bb_hidden_xs bt_bb_hidden_ms bt_bb_hidden_sm\" data-bt-override-class=\"null\"><\/div><div class=\"bt_bb_separator bt_bb_border_style_none bt_bb_top_spacing_medium bt_bb_bottom_spacing_normal bt_bb_hidden_md bt_bb_hidden_lg\" data-bt-override-class=\"null\"><\/div><div class=\" bt_bb_row_inner bt_bb_column_inner_gap_0\"   data-bt-override-class=\"{}\"><div class=\"bt_bb_row_inner_holder\"  ><div  class=\"bt_bb_column_inner col-xl-2 bt_bb_align_left bt_bb_vertical_align_top\"  data-width=\"2\" data-bt-override-class=\"{}\"><div class=\"bt_bb_column_inner_content\"><\/div><\/div><div  class=\"bt_bb_column_inner col-xl-10 bt_bb_align_left bt_bb_vertical_align_top\"  data-width=\"10\" data-bt-override-class=\"{}\"><div class=\"bt_bb_column_inner_content\"><header class=\"bt_bb_headline bt_bb_font_weight_900 bt_bb_dash_top bt_bb_subheadline bt_bb_size_large bt_bb_align_inherit\" data-bt-override-class=\"{&quot;bt_bb_size_&quot;:{&quot;current_class&quot;:&quot;bt_bb_size_large&quot;,&quot;def&quot;:&quot;large&quot;,&quot;xl&quot;:&quot;large&quot;},&quot;bt_bb_align_&quot;:{&quot;current_class&quot;:&quot;bt_bb_align_inherit&quot;,&quot;def&quot;:&quot;inherit&quot;,&quot;xl&quot;:&quot;inherit&quot;}}\"><h2 class=\"bt_bb_headline_tag\"><span class=\"bt_bb_headline_content\"><span><b>Trebate vi\u0161e<\/b> <u>informacija?<\/u><\/span><\/span><\/h2><div class=\"bt_bb_headline_subheadline\">Slobodno nas kontaktirajte<\/div><\/header><div class=\"bt_bb_separator bt_bb_border_style_none bt_bb_bottom_spacing_normal\" data-bt-override-class=\"null\"><\/div><div data-bb-version=\"5.5.2\" class=\"bt_bb_button bt_bb_color_scheme_6 bt_bb_icon_position_left bt_bb_style_filled bt_bb_size_small bt_bb_width_inline bt_bb_shape_rounded bt_bb_target_self bt_bb_text_transform_inherit bt_bb_align_inherit\" style=\"; --primary-color:#ffffff; --secondary-color:#30a0cf;\" data-bt-override-class=\"{&quot;bt_bb_size_&quot;:{&quot;current_class&quot;:&quot;bt_bb_size_small&quot;,&quot;def&quot;:&quot;small&quot;},&quot;bt_bb_width_&quot;:{&quot;current_class&quot;:&quot;bt_bb_width_inline&quot;,&quot;def&quot;:&quot;inline&quot;},&quot;bt_bb_align_&quot;:{&quot;current_class&quot;:&quot;bt_bb_align_inherit&quot;,&quot;def&quot;:&quot;inherit&quot;},&quot;bt_bb_animation_&quot;:{&quot;current_class&quot;:&quot;bt_bb_animation_no_animation&quot;,&quot;def&quot;:&quot;no_animation&quot;}}\"><a href=\"https:\/\/dom-lesiv.hr\/kontakt-2\/\" target=\"_self\" class=\"bt_bb_link\" title=\"KONTAKT\"><span class=\"bt_bb_button_text\" >KONTAKT<\/span><\/a><\/div><div class=\"bt_bb_separator bt_bb_border_style_none bt_bb_bottom_spacing_normal\" data-bt-override-class=\"null\"><\/div><\/div><\/div><\/div><\/div><\/div><\/div><\/div><\/div><\/div><\/div><\/div><div class=\"bt_bb_section_top_section_coverage_image\"><img src=\"https:\/\/dom-lesiv.hr\/wp-content\/uploads\/2020\/04\/white-curve-top-right.png\" alt=\"bt_bb_section_top_section_coverage_image\" \/><\/div><\/section><\/p>\n","protected":false},"excerpt":{"rendered":"<p>Cijena ovisi o vrsti smje\u0161taja ( je li rije\u010d o trajnom smje\u0161taju, dnevnom ili tjednom boravku), o stambenom komforu ( jednokrevetna ili dvokrevetna soba) te o razini potrebne njege korisnika (njega razina 0, I, II, III, IV).<\/p>\n","protected":false},"author":1,"featured_media":3480,"parent":0,"menu_order":0,"comment_status":"closed","ping_status":"closed","template":"","meta":{"iawp_total_views":259},"yoast_head":"<!-- This site is optimized with the Yoast SEO plugin v20.5 - https:\/\/yoast.com\/wordpress\/plugins\/seo\/ -->\n<title>Uvjeti smje\u0161taja - Obiteljski dom za starije i nemo\u0107ne osobe LESIV, Slavonski Brod<\/title>\n<meta name=\"robots\" content=\"index, follow, max-snippet:-1, max-image-preview:large, max-video-preview:-1\" \/>\n<link rel=\"canonical\" href=\"https:\/\/dom-lesiv.hr\/hr\/uvjeti-smjestaja\/\" \/>\n<meta property=\"og:locale\" content=\"hr_HR\" \/>\n<meta property=\"og:type\" content=\"article\" \/>\n<meta property=\"og:title\" content=\"Uvjeti smje\u0161taja - Obiteljski dom za starije i nemo\u0107ne osobe LESIV, Slavonski Brod\" \/>\n<meta property=\"og:description\" content=\"Cijena ovisi o vrsti smje\u0161taja ( je li rije\u010d o trajnom smje\u0161taju, dnevnom ili tjednom boravku), o stambenom komforu ( jednokrevetna ili dvokrevetna soba) te o razini potrebne njege korisnika (njega razina 0, I, II, III, IV).\" \/>\n<meta property=\"og:url\" content=\"https:\/\/dom-lesiv.hr\/hr\/uvjeti-smjestaja\/\" \/>\n<meta property=\"og:site_name\" content=\"Obiteljski dom za starije i nemo\u0107ne osobe LESIV, Slavonski Brod\" \/>\n<meta property=\"article:modified_time\" content=\"2025-11-24T10:49:34+00:00\" \/>\n<meta property=\"og:image\" content=\"https:\/\/dom-lesiv.hr\/wp-content\/uploads\/2021\/05\/uvjeti-smjestaja.jpg\" \/>\n\t<meta property=\"og:image:width\" content=\"1500\" \/>\n\t<meta property=\"og:image:height\" content=\"1000\" \/>\n\t<meta property=\"og:image:type\" content=\"image\/jpeg\" \/>\n<meta name=\"twitter:card\" content=\"summary_large_image\" \/>\n<meta name=\"twitter:label1\" content=\"Procijenjeno vrijeme \u010ditanja\" \/>\n\t<meta name=\"twitter:data1\" content=\"4 minute\" \/>\n<script type=\"application\/ld+json\" class=\"yoast-schema-graph\">{\"@context\":\"https:\/\/schema.org\",\"@graph\":[{\"@type\":\"WebPage\",\"@id\":\"https:\/\/dom-lesiv.hr\/hr\/uvjeti-smjestaja\/\",\"url\":\"https:\/\/dom-lesiv.hr\/hr\/uvjeti-smjestaja\/\",\"name\":\"Uvjeti smje\u0161taja - Obiteljski dom za starije i nemo\u0107ne osobe LESIV, Slavonski Brod\",\"isPartOf\":{\"@id\":\"https:\/\/dom-lesiv.hr\/hr\/#website\"},\"datePublished\":\"2019-04-01T10:25:28+00:00\",\"dateModified\":\"2025-11-24T10:49:34+00:00\",\"breadcrumb\":{\"@id\":\"https:\/\/dom-lesiv.hr\/hr\/uvjeti-smjestaja\/#breadcrumb\"},\"inLanguage\":\"hr\",\"potentialAction\":[{\"@type\":\"ReadAction\",\"target\":[\"https:\/\/dom-lesiv.hr\/hr\/uvjeti-smjestaja\/\"]}]},{\"@type\":\"BreadcrumbList\",\"@id\":\"https:\/\/dom-lesiv.hr\/hr\/uvjeti-smjestaja\/#breadcrumb\",\"itemListElement\":[{\"@type\":\"ListItem\",\"position\":1,\"name\":\"Po\u010detna stranica\",\"item\":\"https:\/\/dom-lesiv.hr\/hr\/\"},{\"@type\":\"ListItem\",\"position\":2,\"name\":\"Uvjeti smje\u0161taja\"}]},{\"@type\":\"WebSite\",\"@id\":\"https:\/\/dom-lesiv.hr\/hr\/#website\",\"url\":\"https:\/\/dom-lesiv.hr\/hr\/\",\"name\":\"Obiteljski dom za starije i nemo\u0107ne osobe LESIV, Slavonski Brod\",\"description\":\"Stara\u010dki dom, Slanovski Brod\",\"potentialAction\":[{\"@type\":\"SearchAction\",\"target\":{\"@type\":\"EntryPoint\",\"urlTemplate\":\"https:\/\/dom-lesiv.hr\/hr\/?s={search_term_string}\"},\"query-input\":\"required name=search_term_string\"}],\"inLanguage\":\"hr\"}]}<\/script>\n<!-- \/ Yoast SEO plugin. -->","yoast_head_json":{"title":"Uvjeti smje\u0161taja - Obiteljski dom za starije i nemo\u0107ne osobe LESIV, Slavonski Brod","robots":{"index":"index","follow":"follow","max-snippet":"max-snippet:-1","max-image-preview":"max-image-preview:large","max-video-preview":"max-video-preview:-1"},"canonical":"https:\/\/dom-lesiv.hr\/hr\/uvjeti-smjestaja\/","og_locale":"hr_HR","og_type":"article","og_title":"Uvjeti smje\u0161taja - Obiteljski dom za starije i nemo\u0107ne osobe LESIV, Slavonski Brod","og_description":"Cijena ovisi o vrsti smje\u0161taja ( je li rije\u010d o trajnom smje\u0161taju, dnevnom ili tjednom boravku), o stambenom komforu ( jednokrevetna ili dvokrevetna soba) te o razini potrebne njege korisnika (njega razina 0, I, II, III, IV).","og_url":"https:\/\/dom-lesiv.hr\/hr\/uvjeti-smjestaja\/","og_site_name":"Obiteljski dom za starije i nemo\u0107ne osobe LESIV, Slavonski Brod","article_modified_time":"2025-11-24T10:49:34+00:00","og_image":[{"width":1500,"height":1000,"url":"https:\/\/dom-lesiv.hr\/wp-content\/uploads\/2021\/05\/uvjeti-smjestaja.jpg","type":"image\/jpeg"}],"twitter_card":"summary_large_image","twitter_misc":{"Procijenjeno vrijeme \u010ditanja":"4 minute"},"schema":{"@context":"https:\/\/schema.org","@graph":[{"@type":"WebPage","@id":"https:\/\/dom-lesiv.hr\/hr\/uvjeti-smjestaja\/","url":"https:\/\/dom-lesiv.hr\/hr\/uvjeti-smjestaja\/","name":"Uvjeti smje\u0161taja - Obiteljski dom za starije i nemo\u0107ne osobe LESIV, Slavonski Brod","isPartOf":{"@id":"https:\/\/dom-lesiv.hr\/hr\/#website"},"datePublished":"2019-04-01T10:25:28+00:00","dateModified":"2025-11-24T10:49:34+00:00","breadcrumb":{"@id":"https:\/\/dom-lesiv.hr\/hr\/uvjeti-smjestaja\/#breadcrumb"},"inLanguage":"hr","potentialAction":[{"@type":"ReadAction","target":["https:\/\/dom-lesiv.hr\/hr\/uvjeti-smjestaja\/"]}]},{"@type":"BreadcrumbList","@id":"https:\/\/dom-lesiv.hr\/hr\/uvjeti-smjestaja\/#breadcrumb","itemListElement":[{"@type":"ListItem","position":1,"name":"Po\u010detna stranica","item":"https:\/\/dom-lesiv.hr\/hr\/"},{"@type":"ListItem","position":2,"name":"Uvjeti smje\u0161taja"}]},{"@type":"WebSite","@id":"https:\/\/dom-lesiv.hr\/hr\/#website","url":"https:\/\/dom-lesiv.hr\/hr\/","name":"Obiteljski dom za starije i nemo\u0107ne osobe LESIV, Slavonski Brod","description":"Stara\u010dki dom, Slanovski Brod","potentialAction":[{"@type":"SearchAction","target":{"@type":"EntryPoint","urlTemplate":"https:\/\/dom-lesiv.hr\/hr\/?s={search_term_string}"},"query-input":"required name=search_term_string"}],"inLanguage":"hr"}]}},"_links":{"self":[{"href":"https:\/\/dom-lesiv.hr\/hr\/wp-json\/wp\/v2\/pages\/1637"}],"collection":[{"href":"https:\/\/dom-lesiv.hr\/hr\/wp-json\/wp\/v2\/pages"}],"about":[{"href":"https:\/\/dom-lesiv.hr\/hr\/wp-json\/wp\/v2\/types\/page"}],"author":[{"embeddable":true,"href":"https:\/\/dom-lesiv.hr\/hr\/wp-json\/wp\/v2\/users\/1"}],"replies":[{"embeddable":true,"href":"https:\/\/dom-lesiv.hr\/hr\/wp-json\/wp\/v2\/comments?post=1637"}],"version-history":[{"count":53,"href":"https:\/\/dom-lesiv.hr\/hr\/wp-json\/wp\/v2\/pages\/1637\/revisions"}],"predecessor-version":[{"id":3976,"href":"https:\/\/dom-lesiv.hr\/hr\/wp-json\/wp\/v2\/pages\/1637\/revisions\/3976"}],"wp:featuredmedia":[{"embeddable":true,"href":"https:\/\/dom-lesiv.hr\/hr\/wp-json\/wp\/v2\/media\/3480"}],"wp:attachment":[{"href":"https:\/\/dom-lesiv.hr\/hr\/wp-json\/wp\/v2\/media?parent=1637"}],"curies":[{"name":"wp","href":"https:\/\/api.w.org\/{rel}","templated":true}]}}